{"id":5592,"date":"2016-12-05T09:17:34","date_gmt":"2016-12-05T09:17:34","guid":{"rendered":"https:\/\/motionpicturesound.de\/about-2\/"},"modified":"2026-02-12T15:52:33","modified_gmt":"2026-02-12T15:52:33","slug":"about-2","status":"publish","type":"page","link":"https:\/\/motionpicturesound.de\/en\/about-2\/","title":{"rendered":"About me"},"content":{"rendered":"<div data-elementor-type=\"wp-page\" data-elementor-id=\"5592\" class=\"elementor elementor-5592\">\n\t\t\t\t\t\t<section class=\"elementor-section elementor-top-section elementor-element elementor-element-1f59b740 elementor-section-boxed elementor-section-height-default elementor-section-height-default wpr-particle-no wpr-jarallax-no wpr-parallax-no wpr-sticky-section-no wpr-equal-height-no\" data-id=\"1f59b740\" data-element_type=\"section\" data-e-type=\"section\">\n\t\t\t\t\t\t<div class=\"elementor-container elementor-column-gap-no\">\n\t\t\t\t\t<div class=\"elementor-column elementor-col-100 elementor-top-column elementor-element elementor-element-6c357864\" data-id=\"6c357864\" data-element_type=\"column\" data-e-type=\"column\">\n\t\t\t<div class=\"elementor-widget-wrap elementor-element-populated\">\n\t\t\t\t\t\t<div class=\"elementor-element elementor-element-39a6d5f wpr-stt-btn-align-fixed wpr-stt-btn-align-fixed-right wpr-stt-btn-icon-left elementor-widget elementor-widget-wpr-back-to-top\" data-id=\"39a6d5f\" data-element_type=\"widget\" data-e-type=\"widget\" data-widget_type=\"wpr-back-to-top.default\">\n\t\t\t\t<div class=\"elementor-widget-container\">\n\t\t\t\t\t<div class=\"wpr-stt-wrapper\"><div class='wpr-stt-btn' data-settings='{&quot;animation&quot;:&quot;fade&quot;,&quot;animationOffset&quot;:&quot;0&quot;,&quot;animationDuration&quot;:&quot;200&quot;,&quot;fixed&quot;:&quot;fixed&quot;,&quot;scrolAnim&quot;:&quot;800&quot;}'><span class=\"wpr-stt-icon\"><svg class=\"e-font-icon-svg e-fas-chevron-up\" viewbox=\"0 0 448 512\" xmlns=\"http:\/\/www.w3.org\/2000\/svg\"><path d=\"M240.971 130.524l194.343 194.343c9.373 9.373 9.373 24.569 0 33.941l-22.667 22.667c-9.357 9.357-24.522 9.375-33.901.04L224 227.495 69.255 381.516c-9.379 9.335-24.544 9.317-33.901-.04l-22.667-22.667c-9.373-9.373-9.373-24.569 0-33.941L207.03 130.525c9.372-9.373 24.568-9.373 33.941-.001z\"><\/path><\/svg><\/span><div class=\"wpr-stt-content\">To the Top<\/div><\/div><\/div>\t\t\t\t<\/div>\n\t\t\t\t<\/div>\n\t\t\t\t<div class=\"elementor-element elementor-element-71ed7422 elementor-widget elementor-widget-heading\" data-id=\"71ed7422\" data-element_type=\"widget\" data-e-type=\"widget\" data-widget_type=\"heading.default\">\n\t\t\t\t<div class=\"elementor-widget-container\">\n\t\t\t\t\t<h2 class=\"elementor-heading-title elementor-size-default\">Bjarne Taurnier<\/h2>\t\t\t\t<\/div>\n\t\t\t\t<\/div>\n\t\t\t\t<div class=\"elementor-element elementor-element-4dfc79c elementor-widget elementor-widget-image\" data-id=\"4dfc79c\" data-element_type=\"widget\" data-e-type=\"widget\" data-widget_type=\"image.default\">\n\t\t\t\t<div class=\"elementor-widget-container\">\n\t\t\t\t\t\t\t\t\t\t\t\t\t\t\t\t<a href=\"https:\/\/motionpicturesound.de\/wp-content\/uploads\/2024\/12\/P1012286-1-scaled.jpg\" data-elementor-open-lightbox=\"yes\" data-elementor-lightbox-title=\"P1012286\" data-e-action-hash=\"#elementor-action%3Aaction%3Dlightbox%26settings%3DeyJpZCI6NjY1NywidXJsIjoiaHR0cHM6XC9cL21vdGlvbnBpY3R1cmVzb3VuZC5kZVwvd3AtY29udGVudFwvdXBsb2Fkc1wvMjAyNFwvMTJcL1AxMDEyMjg2LTEtc2NhbGVkLmpwZyJ9\">\n\t\t\t\t\t\t\t<img fetchpriority=\"high\" decoding=\"async\" width=\"768\" height=\"577\" src=\"https:\/\/motionpicturesound.de\/wp-content\/uploads\/2024\/12\/P1012286-1-768x577.jpg\" class=\"attachment-medium_large size-medium_large wp-image-6657\" alt=\"\" srcset=\"https:\/\/motionpicturesound.de\/wp-content\/uploads\/2024\/12\/P1012286-1-768x577.jpg 768w, https:\/\/motionpicturesound.de\/wp-content\/uploads\/2024\/12\/P1012286-1-300x225.jpg 300w, https:\/\/motionpicturesound.de\/wp-content\/uploads\/2024\/12\/P1012286-1-1024x769.jpg 1024w, https:\/\/motionpicturesound.de\/wp-content\/uploads\/2024\/12\/P1012286-1-1536x1153.jpg 1536w, https:\/\/motionpicturesound.de\/wp-content\/uploads\/2024\/12\/P1012286-1-2048x1538.jpg 2048w, https:\/\/motionpicturesound.de\/wp-content\/uploads\/2024\/12\/P1012286-1-2000x1502.jpg 2000w, https:\/\/motionpicturesound.de\/wp-content\/uploads\/2024\/12\/P1012286-1-1000x751.jpg 1000w, https:\/\/motionpicturesound.de\/wp-content\/uploads\/2024\/12\/P1012286-1-1800x1351.jpg 1800w, https:\/\/motionpicturesound.de\/wp-content\/uploads\/2024\/12\/P1012286-1-746x560.jpg 746w, https:\/\/motionpicturesound.de\/wp-content\/uploads\/2024\/12\/P1012286-1-600x450.jpg 600w, https:\/\/motionpicturesound.de\/wp-content\/uploads\/2024\/12\/P1012286-1-1200x901.jpg 1200w\" sizes=\"(max-width: 768px) 100vw, 768px\" \/>\t\t\t\t\t\t\t\t<\/a>\n\t\t\t\t\t\t\t\t\t\t\t\t\t\t\t<\/div>\n\t\t\t\t<\/div>\n\t\t\t\t<section class=\"elementor-section elementor-inner-section elementor-element elementor-element-6695d4e6 elementor-section-full_width elementor-section-height-default elementor-section-height-default wpr-particle-no wpr-jarallax-no wpr-parallax-no wpr-sticky-section-no wpr-equal-height-no\" data-id=\"6695d4e6\" data-element_type=\"section\" data-e-type=\"section\">\n\t\t\t\t\t\t<div class=\"elementor-container elementor-column-gap-no\">\n\t\t\t\t\t<div class=\"elementor-column elementor-col-100 elementor-inner-column elementor-element elementor-element-35cce8a8\" data-id=\"35cce8a8\" data-element_type=\"column\" data-e-type=\"column\">\n\t\t\t<div class=\"elementor-widget-wrap elementor-element-populated\">\n\t\t\t\t\t\t<div class=\"elementor-element elementor-element-63d23361 elementor-widget elementor-widget-text-editor\" data-id=\"63d23361\" data-element_type=\"widget\" data-e-type=\"widget\" data-widget_type=\"text-editor.default\">\n\t\t\t\t<div class=\"elementor-widget-container\">\n\t\t\t\t\t\t\t\t\t<p>My name is Bjarne Taurnier, and I am pleased that you are visiting my homepage. I am a freelance sound engineer and sound designer specializing in audio post-production for cinema, TV and web, as well as production sound for documentaries and other media. In my studio in D\u00fcsseldorf, I have everything you need for a professional and creative audio production. Before becoming a freelancer, I completed my Bachelor of Music in Music Design and Composition at the State University of Music in Trossingen. I then went on to study Film Sound &amp; Sound Design at the Filmakademie Ludwigsburg in Baden-W\u00fcrttemberg. During my bachelor's degree, I completed a six-month internship as an audio designer at Crytek and played horn on the German Philharmonic Orchestra Bonn's tour of China.<\/p><p>Sound and music have been my passion for many years, creativity is my tool, and inspiration is my drive. As a <strong>Sound Engineer<\/strong> and <strong>Sound Designer<\/strong> I love creating unique soundscapes, telling stories, evoking emotions, and making ideas audible. With a trained ear, technical expertise, and years of passion, I hear something extraordinary in every sound, noise, or tone. Whether for <strong>Movies, Television or other Media<\/strong> \u2013 my goal is to bring visions to life through sound and give images emotion.<\/p>\t\t\t\t\t\t\t\t<\/div>\n\t\t\t\t<\/div>\n\t\t\t\t<div class=\"elementor-element elementor-element-0e08d71 elementor-align-center elementor-widget elementor-widget-button\" data-id=\"0e08d71\" data-element_type=\"widget\" data-e-type=\"widget\" data-widget_type=\"button.default\">\n\t\t\t\t<div class=\"elementor-widget-container\">\n\t\t\t\t\t\t\t\t\t<div class=\"elementor-button-wrapper\">\n\t\t\t\t\t<a class=\"elementor-button elementor-button-link elementor-size-sm\" href=\"https:\/\/motionpicturesound.de\/en\/contact\/\">\n\t\t\t\t\t\t<span class=\"elementor-button-content-wrapper\">\n\t\t\t\t\t\t\t\t\t<span class=\"elementor-button-text\">CONTACT<\/span>\n\t\t\t\t\t<\/span>\n\t\t\t\t\t<\/a>\n\t\t\t\t<\/div>\n\t\t\t\t\t\t\t\t<\/div>\n\t\t\t\t<\/div>\n\t\t\t\t\t<\/div>\n\t\t<\/div>\n\t\t\t\t\t<\/div>\n\t\t<\/section>\n\t\t\t\t\t<\/div>\n\t\t<\/div>\n\t\t\t\t\t<\/div>\n\t\t<\/section>\n\t\t<div class=\"elementor-element elementor-element-c779985 e-flex e-con-boxed wpr-particle-no wpr-jarallax-no wpr-parallax-no wpr-sticky-section-no wpr-equal-height-no e-con e-parent\" data-id=\"c779985\" data-element_type=\"container\" data-e-type=\"container\" data-settings=\"{&quot;background_background&quot;:&quot;classic&quot;}\">\n\t\t\t\t\t<div class=\"e-con-inner\">\n\t\t\t\t<div class=\"elementor-element elementor-element-b9812ee wpr-list-style-none elementor-widget elementor-widget-wpr-posts-timeline\" data-id=\"b9812ee\" data-element_type=\"widget\" data-e-type=\"widget\" data-settings=\"{&quot;animation_offset&quot;:150,&quot;aos_animation_duration&quot;:600}\" data-widget_type=\"wpr-posts-timeline.default\">\n\t\t\t\t<div class=\"elementor-widget-container\">\n\t\t\t\t\t\n\t\t<div class=\"wpr-wrapper wpr-vertical wpr-centered\">\n\t\t\t<div class=\"wpr-timeline-centered wpr-line wpr-both-sided-timeline\"><div class=\"wpr-middle-line\"><\/div><div class=\"wpr-timeline-fill\" data-layout=\"centered\"><\/div><span class=\"wpr-year-wrap\"><span class=\"wpr-year-label wpr-year\">2025<\/span><\/span><article class=\"wpr-timeline-entry wpr-left-aligned elementor-repeater-item-bcc75aa\" data-item-id=\"elementor-repeater-item-bcc75aa\"><time class=\"wpr-extra-label\" data-aos=\"fade\" data-aos-left=\"\" data-aos-right=\"\" data-animation-offset=\"150\" data-animation-duration=\"600\"><span class=\"wpr-label\">July 2023<\/span><span class=\"wpr-sub-label\">Freelancer<\/span><\/time><div class=\"wpr-timeline-entry-inner\"><div class=\"wpr-main-line-icon wpr-icon\"><i aria-hidden=\"true\" class=\"far fa-flag\"><\/i><\/div><div class=\"wpr-story-info-vertical wpr-data-wrap\"  data-aos=\"fade\" data-aos-left=\"\" data-aos-right=\"\" data-animation-offset=\"150\" data-animation-duration=\"600\"><div class=\"wpr-animation-wrap wpr-timeline-media\"><img decoding=\"async\" width=\"2560\" height=\"1922\" src=\"https:\/\/motionpicturesound.de\/wp-content\/uploads\/2024\/12\/P1011950-1-scaled.jpg\" class=\"attachment-full size-full\" alt=\"\" srcset=\"https:\/\/motionpicturesound.de\/wp-content\/uploads\/2024\/12\/P1011950-1-scaled.jpg 2560w, https:\/\/motionpicturesound.de\/wp-content\/uploads\/2024\/12\/P1011950-1-300x225.jpg 300w, https:\/\/motionpicturesound.de\/wp-content\/uploads\/2024\/12\/P1011950-1-1024x769.jpg 1024w, https:\/\/motionpicturesound.de\/wp-content\/uploads\/2024\/12\/P1011950-1-768x577.jpg 768w, https:\/\/motionpicturesound.de\/wp-content\/uploads\/2024\/12\/P1011950-1-1536x1153.jpg 1536w, https:\/\/motionpicturesound.de\/wp-content\/uploads\/2024\/12\/P1011950-1-2048x1538.jpg 2048w, https:\/\/motionpicturesound.de\/wp-content\/uploads\/2024\/12\/P1011950-1-2000x1502.jpg 2000w, https:\/\/motionpicturesound.de\/wp-content\/uploads\/2024\/12\/P1011950-1-1000x751.jpg 1000w, https:\/\/motionpicturesound.de\/wp-content\/uploads\/2024\/12\/P1011950-1-1800x1351.jpg 1800w, https:\/\/motionpicturesound.de\/wp-content\/uploads\/2024\/12\/P1011950-1-746x560.jpg 746w, https:\/\/motionpicturesound.de\/wp-content\/uploads\/2024\/12\/P1011950-1-600x450.jpg 600w, https:\/\/motionpicturesound.de\/wp-content\/uploads\/2024\/12\/P1011950-1-1200x901.jpg 1200w\" sizes=\"(max-width: 2560px) 100vw, 2560px\" \/><\/div><div class=\"wpr-timeline-content-wrapper\"><div class=\"wpr-content-wrapper\"><div class=\"wpr-title-wrap\"><span class=\"wpr-title\">Tonmeister &amp; Sounddesigner<\/span><\/div><div class=\"wpr-description\"><p>Freelance sound engineer &amp; sound designer with a studio in D\u00fcsseldorf, specializing in audio post-production and on-set sound for documentaries and media.<\/p><\/div><\/div><\/div><\/div>\n\t\t\t\t\t\t<\/div>\n\t\t\t\t<\/article><article class=\"wpr-timeline-entry wpr-right-aligned elementor-repeater-item-0b7382d\" data-item-id=\"elementor-repeater-item-0b7382d\"><time class=\"wpr-extra-label\" data-aos=\"fade\" data-aos-left=\"\" data-aos-right=\"\" data-animation-offset=\"150\" data-animation-duration=\"600\"><span class=\"wpr-label\">September 2020<\/span><span class=\"wpr-sub-label\">Student<\/span><\/time><div class=\"wpr-timeline-entry-inner\"><div class=\"wpr-main-line-icon wpr-icon\"><svg aria-hidden=\"true\" class=\"e-font-icon-svg e-fas-university\" viewbox=\"0 0 512 512\" xmlns=\"http:\/\/www.w3.org\/2000\/svg\"><path d=\"M496 128v16a8 8 0 0 1-8 8h-24v12c0 6.627-5.373 12-12 12H60c-6.627 0-12-5.373-12-12v-12H24a8 8 0 0 1-8-8v-16a8 8 0 0 1 4.941-7.392l232-88a7.996 7.996 0 0 1 6.118 0l232 88A8 8 0 0 1 496 128zm-24 304H40c-13.255 0-24 10.745-24 24v16a8 8 0 0 0 8 8h464a8 8 0 0 0 8-8v-16c0-13.255-10.745-24-24-24zM96 192v192H60c-6.627 0-12 5.373-12 12v20h416v-20c0-6.627-5.373-12-12-12h-36V192h-64v192h-64V192h-64v192h-64V192H96z\"><\/path><\/svg><\/div><div class=\"wpr-story-info-vertical wpr-data-wrap\"  data-aos=\"fade\" data-aos-left=\"\" data-aos-right=\"\" data-animation-offset=\"150\" data-animation-duration=\"600\"><div class=\"wpr-animation-wrap wpr-timeline-media\"><img decoding=\"async\" width=\"1920\" height=\"1281\" src=\"https:\/\/motionpicturesound.de\/wp-content\/uploads\/2024\/12\/FABW_Campus_16-Kopie.jpg\" class=\"attachment-full size-full\" alt=\"\" srcset=\"https:\/\/motionpicturesound.de\/wp-content\/uploads\/2024\/12\/FABW_Campus_16-Kopie.jpg 1920w, https:\/\/motionpicturesound.de\/wp-content\/uploads\/2024\/12\/FABW_Campus_16-Kopie-300x200.jpg 300w, https:\/\/motionpicturesound.de\/wp-content\/uploads\/2024\/12\/FABW_Campus_16-Kopie-1024x683.jpg 1024w, https:\/\/motionpicturesound.de\/wp-content\/uploads\/2024\/12\/FABW_Campus_16-Kopie-768x512.jpg 768w, https:\/\/motionpicturesound.de\/wp-content\/uploads\/2024\/12\/FABW_Campus_16-Kopie-1536x1025.jpg 1536w, https:\/\/motionpicturesound.de\/wp-content\/uploads\/2024\/12\/FABW_Campus_16-Kopie-1000x667.jpg 1000w, https:\/\/motionpicturesound.de\/wp-content\/uploads\/2024\/12\/FABW_Campus_16-Kopie-1800x1201.jpg 1800w, https:\/\/motionpicturesound.de\/wp-content\/uploads\/2024\/12\/FABW_Campus_16-Kopie-839x560.jpg 839w\" sizes=\"(max-width: 1920px) 100vw, 1920px\" \/><\/div><div class=\"wpr-timeline-content-wrapper\"><div class=\"wpr-content-wrapper\"><div class=\"wpr-title-wrap\"><span class=\"wpr-title\">Filmakademie Ludwigsburg<\/span><\/div><div class=\"wpr-description\"><p>Studying at the Filmakademie Ludwigsburg in Baden-W\u00fcrttemberg, Film Sound and Sound Design under the guidance of Florian Dittrich, Ed Cantu, Tobias Scherer, and Markus Rebholz, receiving a degree as a certified sound engineer and sound designer.<\/p><\/div><\/div><\/div><\/div>\n\t\t\t\t\t\t<\/div>\n\t\t\t\t<\/article><span class=\"wpr-year-wrap\"><span class=\"wpr-year-label wpr-year\">2020<\/span><\/span><article class=\"wpr-timeline-entry wpr-left-aligned elementor-repeater-item-94f0df4\" data-item-id=\"elementor-repeater-item-94f0df4\"><time class=\"wpr-extra-label\" data-aos=\"fade\" data-aos-left=\"\" data-aos-right=\"\" data-animation-offset=\"150\" data-animation-duration=\"600\"><span class=\"wpr-label\">Oktober 2019<\/span><span class=\"wpr-sub-label\">Intern<\/span><\/time><div class=\"wpr-timeline-entry-inner\"><div class=\"wpr-main-line-icon wpr-icon\"><i aria-hidden=\"true\" class=\"far fa-lightbulb\"><\/i><\/div><div class=\"wpr-story-info-vertical wpr-data-wrap\"  data-aos=\"fade\" data-aos-left=\"\" data-aos-right=\"\" data-animation-offset=\"150\" data-animation-duration=\"600\"><div class=\"wpr-animation-wrap wpr-timeline-media\"><img loading=\"lazy\" decoding=\"async\" width=\"404\" height=\"125\" src=\"https:\/\/motionpicturesound.de\/wp-content\/uploads\/2024\/12\/images.png\" class=\"attachment-full size-full\" alt=\"\" srcset=\"https:\/\/motionpicturesound.de\/wp-content\/uploads\/2024\/12\/images.png 404w, https:\/\/motionpicturesound.de\/wp-content\/uploads\/2024\/12\/images-300x93.png 300w\" sizes=\"(max-width: 404px) 100vw, 404px\" \/><\/div><div class=\"wpr-timeline-content-wrapper\"><div class=\"wpr-content-wrapper\"><div class=\"wpr-title-wrap\"><span class=\"wpr-title\">Praktikum bei Crytek<\/span><\/div><div class=\"wpr-description\"><p>Six-month internship as an audio designer at Crytek in Frankfurt \u2013 contributing to titles such as \"Hunt: Showdown\" and other yet to be released projects.<\/p><\/div><\/div><\/div><\/div>\n\t\t\t\t\t\t<\/div>\n\t\t\t\t<\/article><article class=\"wpr-timeline-entry wpr-right-aligned elementor-repeater-item-d6c44ce\" data-item-id=\"elementor-repeater-item-d6c44ce\"><time class=\"wpr-extra-label\" data-aos=\"fade\" data-aos-left=\"\" data-aos-right=\"\" data-animation-offset=\"150\" data-animation-duration=\"600\"><span class=\"wpr-label\">Oktober 2016<\/span><span class=\"wpr-sub-label\">Student<\/span><\/time><div class=\"wpr-timeline-entry-inner\"><div class=\"wpr-main-line-icon wpr-icon\"><svg aria-hidden=\"true\" class=\"e-font-icon-svg e-fas-university\" viewbox=\"0 0 512 512\" xmlns=\"http:\/\/www.w3.org\/2000\/svg\"><path d=\"M496 128v16a8 8 0 0 1-8 8h-24v12c0 6.627-5.373 12-12 12H60c-6.627 0-12-5.373-12-12v-12H24a8 8 0 0 1-8-8v-16a8 8 0 0 1 4.941-7.392l232-88a7.996 7.996 0 0 1 6.118 0l232 88A8 8 0 0 1 496 128zm-24 304H40c-13.255 0-24 10.745-24 24v16a8 8 0 0 0 8 8h464a8 8 0 0 0 8-8v-16c0-13.255-10.745-24-24-24zM96 192v192H60c-6.627 0-12 5.373-12 12v20h416v-20c0-6.627-5.373-12-12-12h-36V192h-64v192h-64V192h-64v192h-64V192H96z\"><\/path><\/svg><\/div><div class=\"wpr-story-info-vertical wpr-data-wrap\"  data-aos=\"fade\" data-aos-left=\"\" data-aos-right=\"\" data-animation-offset=\"150\" data-animation-duration=\"600\"><div class=\"wpr-animation-wrap wpr-timeline-media\"><img loading=\"lazy\" decoding=\"async\" width=\"2400\" height=\"1902\" src=\"https:\/\/motionpicturesound.de\/wp-content\/uploads\/2024\/12\/mh_trossingen_portal.jpg\" class=\"attachment-full size-full\" alt=\"\" srcset=\"https:\/\/motionpicturesound.de\/wp-content\/uploads\/2024\/12\/mh_trossingen_portal.jpg 2400w, https:\/\/motionpicturesound.de\/wp-content\/uploads\/2024\/12\/mh_trossingen_portal-300x238.jpg 300w, https:\/\/motionpicturesound.de\/wp-content\/uploads\/2024\/12\/mh_trossingen_portal-1024x812.jpg 1024w, https:\/\/motionpicturesound.de\/wp-content\/uploads\/2024\/12\/mh_trossingen_portal-768x609.jpg 768w, https:\/\/motionpicturesound.de\/wp-content\/uploads\/2024\/12\/mh_trossingen_portal-1536x1217.jpg 1536w, https:\/\/motionpicturesound.de\/wp-content\/uploads\/2024\/12\/mh_trossingen_portal-2048x1623.jpg 2048w, https:\/\/motionpicturesound.de\/wp-content\/uploads\/2024\/12\/mh_trossingen_portal-2000x1585.jpg 2000w, https:\/\/motionpicturesound.de\/wp-content\/uploads\/2024\/12\/mh_trossingen_portal-1000x793.jpg 1000w, https:\/\/motionpicturesound.de\/wp-content\/uploads\/2024\/12\/mh_trossingen_portal-1800x1427.jpg 1800w, https:\/\/motionpicturesound.de\/wp-content\/uploads\/2024\/12\/mh_trossingen_portal-707x560.jpg 707w\" sizes=\"(max-width: 2400px) 100vw, 2400px\" \/><\/div><div class=\"wpr-timeline-content-wrapper\"><div class=\"wpr-content-wrapper\"><div class=\"wpr-title-wrap\"><span class=\"wpr-title\">Musikhochschule Trossingen<\/span><\/div><div class=\"wpr-description\"><p>Studied at the Trossingen State University of Music in the Music Design and Composition program under the direction of Florian K\u00e4ppler, graduating with a Bachelor of Music degree<\/p><\/div><\/div><\/div><\/div>\n\t\t\t\t\t\t<\/div>\n\t\t\t\t<\/article><\/div>    \n\t\t\t<\/div>\t\t\t\t<\/div>\n\t\t\t\t<\/div>\n\t\t\t\t\t<\/div>\n\t\t\t\t<\/div>\n\t\t\t\t<\/div>","protected":false},"excerpt":{"rendered":"<p>Nach Oben Bjarne Taurnier Mein Name ist Bjarne Taurnier und ich freue mich, dass Ihr auf meiner Website vorbeischaut. Ich bin freiberuflicher Tonmeister und Sounddesigner spezialisiert auf Audio Postproduktion f\u00fcr Kino, TV und Web, sowie auf Setton f\u00fcr Dokumentarfilm und andere Medien. Mit meinem Studio in D\u00fcsseldorf bringe ich alles mit, was bei einer professionellen und kreativen Audio Produktion ben\u00f6tigt wird. Vor meiner Freiberuflichkeit habe ich mein Bachelor of Music im Studiengang Musikdesign und Komposition<\/p>","protected":false},"author":1,"featured_media":6828,"parent":0,"menu_order":0,"comment_status":"closed","ping_status":"closed","template":"page-templates\/template-full.php","meta":{"inspiro_page_layout":"narrow","inspiro_hide_title":false,"footnotes":""},"class_list":["post-5592","page","type-page","status-publish","has-post-thumbnail","hentry"],"featured_media_urls":{"thumbnail":["https:\/\/motionpicturesound.de\/wp-content\/uploads\/2024\/12\/jr-korpa-iTFu87JYsr4-unsplash-150x150.jpg",150,150,true],"medium":["https:\/\/motionpicturesound.de\/wp-content\/uploads\/2024\/12\/jr-korpa-iTFu87JYsr4-unsplash-300x179.jpg",300,179,true],"medium_large":["https:\/\/motionpicturesound.de\/wp-content\/uploads\/2024\/12\/jr-korpa-iTFu87JYsr4-unsplash-768x457.jpg",768,457,true],"large":["https:\/\/motionpicturesound.de\/wp-content\/uploads\/2024\/12\/jr-korpa-iTFu87JYsr4-unsplash-1024x610.jpg",930,554,true],"1536x1536":["https:\/\/motionpicturesound.de\/wp-content\/uploads\/2024\/12\/jr-korpa-iTFu87JYsr4-unsplash-1536x915.jpg",1536,915,true],"2048x2048":["https:\/\/motionpicturesound.de\/wp-content\/uploads\/2024\/12\/jr-korpa-iTFu87JYsr4-unsplash-2048x1220.jpg",2048,1220,true],"trp-custom-language-flag":["https:\/\/motionpicturesound.de\/wp-content\/uploads\/2024\/12\/jr-korpa-iTFu87JYsr4-unsplash-scaled.jpg",18,12,false],"featured":["https:\/\/motionpicturesound.de\/wp-content\/uploads\/2024\/12\/jr-korpa-iTFu87JYsr4-unsplash-2000x1191.jpg",2000,1191,true],"featured@2x":["https:\/\/motionpicturesound.de\/wp-content\/uploads\/2024\/12\/jr-korpa-iTFu87JYsr4-unsplash-3000x1787.jpg",3000,1787,true],"featured-small":["https:\/\/motionpicturesound.de\/wp-content\/uploads\/2024\/12\/jr-korpa-iTFu87JYsr4-unsplash-1000x596.jpg",1000,596,true],"recent-thumbnail":["https:\/\/motionpicturesound.de\/wp-content\/uploads\/2024\/12\/jr-korpa-iTFu87JYsr4-unsplash-345x192.jpg",345,192,true],"recent-thumbnail-retina":["https:\/\/motionpicturesound.de\/wp-content\/uploads\/2024\/12\/jr-korpa-iTFu87JYsr4-unsplash-690x384.jpg",690,384,true],"woo-featured":["https:\/\/motionpicturesound.de\/wp-content\/uploads\/2024\/12\/jr-korpa-iTFu87JYsr4-unsplash-280x280.jpg",280,280,true],"entry-cover":["https:\/\/motionpicturesound.de\/wp-content\/uploads\/2024\/12\/jr-korpa-iTFu87JYsr4-unsplash-1800x1072.jpg",1800,1072,true],"entry-cover@2x":["https:\/\/motionpicturesound.de\/wp-content\/uploads\/2024\/12\/jr-korpa-iTFu87JYsr4-unsplash-3600x2144.jpg",3600,2144,true],"loop":["https:\/\/motionpicturesound.de\/wp-content\/uploads\/2024\/12\/jr-korpa-iTFu87JYsr4-unsplash-950x320.jpg",950,320,true],"loop@2x":["https:\/\/motionpicturesound.de\/wp-content\/uploads\/2024\/12\/jr-korpa-iTFu87JYsr4-unsplash-scaled.jpg",1075,640,false],"portfolio-scroller-widget":["https:\/\/motionpicturesound.de\/wp-content\/uploads\/2024\/12\/jr-korpa-iTFu87JYsr4-unsplash-940x560.jpg",940,560,true],"portfolio_item-thumbnail":["https:\/\/motionpicturesound.de\/wp-content\/uploads\/2024\/12\/jr-korpa-iTFu87JYsr4-unsplash-600x400.jpg",600,400,true],"portfolio_item-thumbnail@2x":["https:\/\/motionpicturesound.de\/wp-content\/uploads\/2024\/12\/jr-korpa-iTFu87JYsr4-unsplash-1200x800.jpg",1200,800,true],"portfolio_item-masonry":["https:\/\/motionpicturesound.de\/wp-content\/uploads\/2024\/12\/jr-korpa-iTFu87JYsr4-unsplash-600x357.jpg",600,357,true],"portfolio_item-thumbnail_wide":["https:\/\/motionpicturesound.de\/wp-content\/uploads\/2024\/12\/jr-korpa-iTFu87JYsr4-unsplash-1800x600.jpg",1800,600,true],"portfolio_item-thumbnail_wide_cinema":["https:\/\/motionpicturesound.de\/wp-content\/uploads\/2024\/12\/jr-korpa-iTFu87JYsr4-unsplash-1800x750.jpg",1800,750,true],"portfolio_item-thumbnail_cinema":["https:\/\/motionpicturesound.de\/wp-content\/uploads\/2024\/12\/jr-korpa-iTFu87JYsr4-unsplash-800x335.jpg",800,335,true],"portfolio_item-thumbnail_portrait":["https:\/\/motionpicturesound.de\/wp-content\/uploads\/2024\/12\/jr-korpa-iTFu87JYsr4-unsplash-600x900.jpg",600,900,true],"portfolio_item-thumbnail_square":["https:\/\/motionpicturesound.de\/wp-content\/uploads\/2024\/12\/jr-korpa-iTFu87JYsr4-unsplash-800x800.jpg",800,800,true],"portfolio_item-masonry@2x":["https:\/\/motionpicturesound.de\/wp-content\/uploads\/2024\/12\/jr-korpa-iTFu87JYsr4-unsplash-1200x715.jpg",1200,715,true],"portfolio_item-thumbnail_portrait@2x":["https:\/\/motionpicturesound.de\/wp-content\/uploads\/2024\/12\/jr-korpa-iTFu87JYsr4-unsplash-1200x1800.jpg",1200,1800,true]},"_links":{"self":[{"href":"https:\/\/motionpicturesound.de\/en\/wp-json\/wp\/v2\/pages\/5592","targetHints":{"allow":["GET"]}}],"collection":[{"href":"https:\/\/motionpicturesound.de\/en\/wp-json\/wp\/v2\/pages"}],"about":[{"href":"https:\/\/motionpicturesound.de\/en\/wp-json\/wp\/v2\/types\/page"}],"author":[{"embeddable":true,"href":"https:\/\/motionpicturesound.de\/en\/wp-json\/wp\/v2\/users\/1"}],"replies":[{"embeddable":true,"href":"https:\/\/motionpicturesound.de\/en\/wp-json\/wp\/v2\/comments?post=5592"}],"version-history":[{"count":90,"href":"https:\/\/motionpicturesound.de\/en\/wp-json\/wp\/v2\/pages\/5592\/revisions"}],"predecessor-version":[{"id":8788,"href":"https:\/\/motionpicturesound.de\/en\/wp-json\/wp\/v2\/pages\/5592\/revisions\/8788"}],"wp:featuredmedia":[{"embeddable":true,"href":"https:\/\/motionpicturesound.de\/en\/wp-json\/wp\/v2\/media\/6828"}],"wp:attachment":[{"href":"https:\/\/motionpicturesound.de\/en\/wp-json\/wp\/v2\/media?parent=5592"}],"curies":[{"name":"wp","href":"https:\/\/api.w.org\/{rel}","templated":true}]}}