{"id":7716,"date":"2024-12-25T11:32:36","date_gmt":"2024-12-25T11:32:36","guid":{"rendered":"https:\/\/motionpicturesound.de\/?page_id=7716"},"modified":"2024-12-25T11:32:36","modified_gmt":"2024-12-25T11:32:36","slug":"impressum","status":"publish","type":"page","link":"https:\/\/motionpicturesound.de\/en\/impressum\/","title":{"rendered":"Impressum"},"content":{"rendered":"<p>Impressum<br>Angaben gem\u00e4\u00df \u00a7 5 TMG:<br>Bjarne Taurnier (Inhaber)<br>Kamper Weg 100<br>40627 D\u00fcsseldorf<\/p>\n\n\n\n<p><br>Kontakt:<br>Telefon: +49 151 59441768<br>E-Mail: info(at)motionpicturesound.de<br>Umsatzsteuer-ID: DE359331034<br>Umsatzsteuer-Identifikationsnummer gem\u00e4\u00df \u00a727 a Umsatzsteuergesetz:<br>DE359331034<br>Verantwortlich f\u00fcr den Inhalt nach \u00a7 55 Abs. 2 RStV:<br>Bjarne Taurnier<br>Kamper Weg 100<br>40627 D\u00fcsseldorf<br><\/p>\n\n\n\n<p>Haftungsausschluss:<br>Haftung f\u00fcr Inhalte<br>Die Inhalte meiner Seiten wurden mit gr\u00f6\u00dfter Sorgfalt erstellt. F\u00fcr die Richtigkeit, Vollst\u00e4ndigkeit und Aktualit\u00e4t der Inhalte kann ich jedoch keine Gew\u00e4hr \u00fcbernehmen.<br>Haftung f\u00fcr Links<br>Meine Website enth\u00e4lt Links zu externen Webseiten Dritter, auf deren Inhalte ich keinen Einfluss haben. F\u00fcr die Inhalte der verlinkten Seiten ist stets der jeweilige Anbieter oder Betreiber der Seiten verantwortlich.<br>Urheberrecht<br>Die durch die Seitenbetreiber erstellten Inhalte und Werke auf diesen Seiten unterliegen dem deutschen Urheberrecht. Die Vervielf\u00e4ltigung, Bearbeitung, Verbreitung und jede Art der Verwertung au\u00dferhalb der Grenzen des Urheberrechts bed\u00fcrfen der schriftlichen Zustimmung des jeweiligen Autors bzw. Erstellers.<br>Datenschutz<br>Die Nutzung meiner Webseite ist in der Regel ohne Angabe personenbezogener Daten m\u00f6glich. Soweit auf meinen Seiten personenbezogene Daten (beispielsweise Name, Anschrift oder E-Mail-Adressen) erhoben werden, erfolgt dies, soweit m\u00f6glich, stets auf freiwilliger Basis.<br>Quelle: eRecht24<\/p>","protected":false},"excerpt":{"rendered":"<p>ImpressumAngaben gem\u00e4\u00df \u00a7 5 TMG:Bjarne Taurnier (Inhaber)Kamper Weg 10040627 D\u00fcsseldorf Kontakt:Telefon: +49 151 59441768E-Mail: info(at)motionpicturesound.deUmsatzsteuer-ID: DE359331034Umsatzsteuer-Identifikationsnummer gem\u00e4\u00df \u00a727 a Umsatzsteuergesetz:DE359331034Verantwortlich f\u00fcr den Inhalt nach \u00a7 55 Abs. 2 RStV:Bjarne TaurnierKamper Weg 10040627 D\u00fcsseldorf Haftungsausschluss:Haftung f\u00fcr InhalteDie Inhalte meiner Seiten wurden mit gr\u00f6\u00dfter Sorgfalt erstellt. F\u00fcr die Richtigkeit, Vollst\u00e4ndigkeit und Aktualit\u00e4t der Inhalte kann ich jedoch keine Gew\u00e4hr \u00fcbernehmen.Haftung f\u00fcr LinksMeine Website enth\u00e4lt Links zu externen Webseiten Dritter, auf deren Inhalte ich keinen Einfluss haben. F\u00fcr<\/p>","protected":false},"author":1,"featured_media":0,"parent":0,"menu_order":0,"comment_status":"closed","ping_status":"closed","template":"","meta":{"inspiro_page_layout":"narrow","inspiro_hide_title":false,"footnotes":""},"class_list":["post-7716","page","type-page","status-publish","hentry"],"featured_media_urls":[],"_links":{"self":[{"href":"https:\/\/motionpicturesound.de\/en\/wp-json\/wp\/v2\/pages\/7716","targetHints":{"allow":["GET"]}}],"collection":[{"href":"https:\/\/motionpicturesound.de\/en\/wp-json\/wp\/v2\/pages"}],"about":[{"href":"https:\/\/motionpicturesound.de\/en\/wp-json\/wp\/v2\/types\/page"}],"author":[{"embeddable":true,"href":"https:\/\/motionpicturesound.de\/en\/wp-json\/wp\/v2\/users\/1"}],"replies":[{"embeddable":true,"href":"https:\/\/motionpicturesound.de\/en\/wp-json\/wp\/v2\/comments?post=7716"}],"version-history":[{"count":1,"href":"https:\/\/motionpicturesound.de\/en\/wp-json\/wp\/v2\/pages\/7716\/revisions"}],"predecessor-version":[{"id":7717,"href":"https:\/\/motionpicturesound.de\/en\/wp-json\/wp\/v2\/pages\/7716\/revisions\/7717"}],"wp:attachment":[{"href":"https:\/\/motionpicturesound.de\/en\/wp-json\/wp\/v2\/media?parent=7716"}],"curies":[{"name":"wp","href":"https:\/\/api.w.org\/{rel}","templated":true}]}}